{"id":56,"date":"2014-10-05T17:30:58","date_gmt":"2014-10-05T15:30:58","guid":{"rendered":"http:\/\/movebs.spargel-express.de\/?page_id=56"},"modified":"2017-03-16T21:44:25","modified_gmt":"2017-03-16T20:44:25","slug":"anregungen-zum-stadtbahnausbau","status":"publish","type":"page","link":"https:\/\/movebs.de\/?page_id=56","title":{"rendered":"Stadtbahnausbau"},"content":{"rendered":"<p>Die Mitglieder von MoVeBS haben eine umfangreiche Sammlung mit fundierten Anregungen zum Ausbau der Braunschweiger Stra\u00dfenbahnstrecken erstellt. Diese wurden Ende August 2013 an die Verwaltung der Stadt Braunschweig \u00fcbergeben. An dieser Stelle werden die wichtigsten Strecken vorgestellt; die vollst\u00e4ndige Ausarbeitung kann hier heruntergeladen werden:<\/p>\n<p><a href=\"http:\/\/www.bs-forum.de\/wb\/media\/AG_Nahverkehr\/Anregungen%20zum%20Stadtbahnausbaukonzept%202014_final_web.pdf\" target=\"_blank\">Anregungen zum Stadtbahnausbaukonzept 2014 (860 KB)<\/a><\/p>\n<hr \/>\n<ul>\n<li><a title=\"Lehndorf \u2013 Kanzlerfeld\/Lamme\" href=\"http:\/\/movebs.de\/?page_id=112\">Vorschlag Lehndorf-Kanzlerfeld\/Lamme<\/a><\/li>\n<li><a title=\"Westliche Innenstadtstrecke\" href=\"http:\/\/movebs.de\/?page_id=107\">Vorschlag westliche Innenstadtstrecke<\/a><\/li>\n<li><a title=\"Salzdahlumer Str. \u2013 Klinikum \u2013 S\u00fcdstadt \u2013 Rautheim\" href=\"http:\/\/movebs.de\/?page_id=117\">Vorschlag Salzdahlumer Str.-S\u00fcdstadt-Rautheim<\/a><\/li>\n<li><a title=\"Volkmarode Nord und Gleisschleife Gliesmarode\" href=\"http:\/\/movebs.de\/?page_id=120\">Vorschlag Volkmarode Nord<\/a><\/li>\n<\/ul>\n","protected":false},"excerpt":{"rendered":"<p>Die Mitglieder von MoVeBS haben eine umfangreiche Sammlung mit fundierten Anregungen zum Ausbau der Braunschweiger Stra\u00dfenbahnstrecken erstellt. Diese wurden Ende August 2013 an die Verwaltung der Stadt Braunschweig \u00fcbergeben. An dieser Stelle werden die wichtigsten Strecken vorgestellt; die vollst\u00e4ndige Ausarbeitung &hellip; <a href=\"https:\/\/movebs.de\/?page_id=56\">Weiterlesen <span class=\"meta-nav\">&rarr;<\/span><\/a><\/p>\n","protected":false},"author":2,"featured_media":0,"parent":53,"menu_order":0,"comment_status":"closed","ping_status":"closed","template":"","meta":{"footnotes":""},"class_list":["post-56","page","type-page","status-publish","hentry"],"post_mailing_queue_ids":[],"_links":{"self":[{"href":"https:\/\/movebs.de\/index.php?rest_route=\/wp\/v2\/pages\/56","targetHints":{"allow":["GET"]}}],"collection":[{"href":"https:\/\/movebs.de\/index.php?rest_route=\/wp\/v2\/pages"}],"about":[{"href":"https:\/\/movebs.de\/index.php?rest_route=\/wp\/v2\/types\/page"}],"author":[{"embeddable":true,"href":"https:\/\/movebs.de\/index.php?rest_route=\/wp\/v2\/users\/2"}],"replies":[{"embeddable":true,"href":"https:\/\/movebs.de\/index.php?rest_route=%2Fwp%2Fv2%2Fcomments&post=56"}],"version-history":[{"count":14,"href":"https:\/\/movebs.de\/index.php?rest_route=\/wp\/v2\/pages\/56\/revisions"}],"predecessor-version":[{"id":408,"href":"https:\/\/movebs.de\/index.php?rest_route=\/wp\/v2\/pages\/56\/revisions\/408"}],"up":[{"embeddable":true,"href":"https:\/\/movebs.de\/index.php?rest_route=\/wp\/v2\/pages\/53"}],"wp:attachment":[{"href":"https:\/\/movebs.de\/index.php?rest_route=%2Fwp%2Fv2%2Fmedia&parent=56"}],"curies":[{"name":"wp","href":"https:\/\/api.w.org\/{rel}","templated":true}]}}