

{"id":47,"date":"2014-10-05T12:49:09","date_gmt":"2014-10-05T10:49:09","guid":{"rendered":"http:\/\/movebs.spargel-express.de\/?page_id=47"},"modified":"2022-10-04T19:45:36","modified_gmt":"2022-10-04T17:45:36","slug":"spargelexpress","status":"publish","type":"page","link":"https:\/\/movebs.de\/?page_id=47","title":{"rendered":"Spargelexpress"},"content":{"rendered":"<p>Der Spargelexpress ist eine zusammen mit B\u00fcrgern aus Wendeburg erarbeitete L\u00f6sung f\u00fcr eine schnelle Bahn direkt von Harvesse \u00fcber Wendeburg, V\u00f6lkenrode und Watenb\u00fcttel in die Braunschweiger Innenstadt.<\/p>\n<p><a href=\"http:\/\/movebs.de\/wp-content\/uploads\/2014\/10\/harvesse_gross.png\"><img loading=\"lazy\" decoding=\"async\" class=\"aligncenter wp-image-67 size-medium\" src=\"http:\/\/movebs.de\/wp-content\/uploads\/2014\/10\/harvesse_gross-278x300.png\" alt=\"harvesse_gross\" width=\"278\" height=\"300\" srcset=\"https:\/\/movebs.de\/wp-content\/uploads\/2014\/10\/harvesse_gross-278x300.png 278w, https:\/\/movebs.de\/wp-content\/uploads\/2014\/10\/harvesse_gross.png 648w\" sizes=\"auto, (max-width: 278px) 100vw, 278px\" \/><\/a><\/p>\n\n\n\t\t\t\t<div id=\"map_ol3js_1\" class=\"map undefined\" data-map_name=\"undefined\" data-map=\"map_ol3js_1\" style=\"width:100%; max-width:100%; height:450px; display:block; overflow:hidden;border:2px solid grey;\" >\n\t\t\t\t  <div id=\"map_ol3js_1_popup\" class=\"ol-popup\" >\n\t\t\t\t\t<a href=\"#\" id=\"map_ol3js_1_popup-closer\" class=\"ol-popup-closer\"><\/a>\n\t\t\t\t\t<div id=\"map_ol3js_1_popup-content\" ><\/div>\n\t\t\t\t  <\/div>\n\t\t\t\t<\/div>\n\t\t\t\n\n\t\t\t\t<script type=\"text\/javascript\">\n\t\t\t\t\ttranslations['openlayer'] = \"open layer\";\n\t\t\t\t\ttranslations['openlayerAtStartup'] = \"open layer at startup\";\n\t\t\t\t\ttranslations['generateLink'] = \"Der Link zur Karte mit ausgew\u00e4hlten Overlays und angezeigtem Ausschnitt\";\n\t\t\t\t\ttranslations['shortDescription'] = \"Kurzbeschreibung\";\n\t\t\t\t\ttranslations['generatedShortCode'] = \"to get a text control link paste this code in your wordpress editor\";\n\t\t\t\t\ttranslations['closeLayer'] = \"close layer\";\n\t\t\t\t\ttranslations['cantGenerateLink'] = \"put this string in the existing map short code to control this map\";\n\t\t\t  <\/script>\n\n\n\t\t\t  <script type=\"text\/javascript\">\n\t\t\t  vectorM['map_ol3js_1'] = [];\n\t        \n        var raster = getTileLayer(\"osm\",\"NoKey\");\t\t\t\n\n\t\t\t  var map_ol3js_1 = new ol.Map({\n\t\t\t\tinteractions: ol.interaction.defaults.defaults({mouseWheelZoom:false}),\n\t\t\t\tlayers: [raster],\n\t\t\t\ttarget: \"map_ol3js_1\",\n\t\t\t\tview: new ol.View({\n\t\t\t\t  center: ol.proj.transform([10.449,52.309], \"EPSG:4326\", \"EPSG:3857\"),\n\t\t\t\t  zoom: 12\n\t\t\t\t})\n\t\t\t  });\n\t\t\t  \n    var style0 = {\n      \"Point\": [new ol.style.Style({\n\n          image: new ol.style.Icon({\n            anchor: [0.5, 41],\n            anchorXUnits: \"fraction\",\n            anchorYUnits: \"pixels\",\n            opacity: 0.75,\n            src: \"https:\/\/movebs.de\/wp-content\/plugins\/osm\/icons\/mic_blue_pinother_02.png\"\n          })\n      })],\n\n      \"LineString\": [new ol.style.Style({\n        stroke: new ol.style.Stroke({\n          color: \"blue\",\n          width: 8\n        })\n      })],\n      \"MultiLineString\": [new ol.style.Style({\n        stroke: new ol.style.Stroke({\n          color: \"blue\",\n          width: 4\n        })\n      })]\n    };\n\t\t  var vectorL0 = new ol.layer.Vector({\n\t\t\t\tsource: new ol.source.Vector({\n\t\t\t\turl:\"..\/..\/..\/..\/wp-content\/uploads\/Karten\/Spargelexpress.gpx\",\n\t\t\t\tformat: new ol.format.GPX({\n\t\t\t\t\textractStyles: false\n\t\t\t\t})\n\t\t\t}),\n\t\t\tzIndex: 92,\n\t\t\tstyle: function(feature, resolution) {return style0[feature.getGeometry().getType()];}\n\t\t  });\n\t\t  map_ol3js_1.addLayer(vectorL0);\n    var style1 = {\n      \"Point\": [new ol.style.Style({\n\n          image: new ol.style.Icon({\n            anchor: [0.5, 41],\n            anchorXUnits: \"fraction\",\n            anchorYUnits: \"pixels\",\n            opacity: 0.75,\n            src: \"https:\/\/movebs.de\/wp-content\/plugins\/osm\/icons\/mic_blue_pinother_02.png\"\n          })\n      })],\n\n      \"LineString\": [new ol.style.Style({\n        stroke: new ol.style.Stroke({\n          color: \" red\",\n          width: 8\n        })\n      })],\n      \"MultiLineString\": [new ol.style.Style({\n        stroke: new ol.style.Stroke({\n          color: \" red\",\n          width: 4\n        })\n      })]\n    };\n\t\t  var vectorL1 = new ol.layer.Vector({\n\t\t\t\tsource: new ol.source.Vector({\n\t\t\t\turl:\"..\/..\/..\/..\/wp-content\/uploads\/Karten\/Spargelexpress_Stadtbahnanteil.gpx\",\n\t\t\t\tformat: new ol.format.GPX({\n\t\t\t\t\textractStyles: false\n\t\t\t\t})\n\t\t\t}),\n\t\t\tzIndex: 92,\n\t\t\tstyle: function(feature, resolution) {return style1[feature.getGeometry().getType()];}\n\t\t  });\n\t\t  map_ol3js_1.addLayer(vectorL1);osm_addMarkerLayer(map_ol3js_1,10.52144,52.29017,\"https:\/\/movebs.de\/wp-content\/plugins\/osm\/icons\/mic_blue_pinother_02.png\",-16,-41,\"Eintracht-Stadion  <\/a><br>\") ; \nosm_addMarkerLayer(map_ol3js_1,10.51708,52.28604,\"https:\/\/movebs.de\/wp-content\/plugins\/osm\/icons\/mic_blue_pinother_02.png\",-16,-41,\"Wasserwelt  <\/a><br>\") ; \nosm_addMarkerLayer(map_ol3js_1,10.46598,52.3053,\"https:\/\/movebs.de\/wp-content\/plugins\/osm\/icons\/mic_red_pinother_02.png\",-16,-41,\"Watenb\u00fcttel  <\/a><br>\") ; \nosm_addMarkerLayer(map_ol3js_1,10.39126,52.32697,\"https:\/\/movebs.de\/wp-content\/plugins\/osm\/icons\/mic_red_pinother_02.png\",-16,-41,\"Wendeburg  <\/a><br>\") ; \nosm_addMarkerLayer(map_ol3js_1,10.39589,52.32147,\"https:\/\/movebs.de\/wp-content\/plugins\/osm\/icons\/mic_red_pinother_02.png\",-16,-41,\"Wendezelle  <\/a><br>\") ; \nosm_addMarkerLayer(map_ol3js_1,10.44216,52.30549,\"https:\/\/movebs.de\/wp-content\/plugins\/osm\/icons\/mic_red_pinother_02.png\",-16,-41,\"V\u00f6lkenrode  <\/a><br>\") ; \nosm_addMarkerLayer(map_ol3js_1,10.39783,52.34381,\"https:\/\/movebs.de\/wp-content\/plugins\/osm\/icons\/mic_red_pinother_02.png\",-16,-41,\"Harvesse  <\/a><br>\") ; \nosm_addMarkerLayer(map_ol3js_1,10.51979,52.29349,\"https:\/\/movebs.de\/wp-content\/plugins\/osm\/icons\/mic_blue_pinother_02.png\",-16,-41,\"VW-Werk  <\/a><br>\") ; \nosm_addMarkerLayer(map_ol3js_1,10.46329,52.29449,\"https:\/\/movebs.de\/wp-content\/plugins\/osm\/icons\/mic_blue_pinother_02.png\",-16,-41,\"PTB  <\/a><br>\") ; \naddControls2Map(map_ol3js_1,0,0,3,0,5,6,7,0,1);\nosm_addPopupClickhandler(map_ol3js_1,  \"map_ol3js_1\"); \nosm_addMouseHover(map_ol3js_1); <\/script>\n<p>(blau = Spargelexpress auf Bahnstrecke, rot = Spargelexpress im Stadtbahnnetz der Verkehrs-GmbH)<\/p>\n<p><a href=\"http:\/\/spargel-express.de\" target=\"_blank\" rel=\"noopener\"><img loading=\"lazy\" decoding=\"async\" class=\"aligncenter wp-image-356 size-full\" src=\"http:\/\/movebs.spargel-express.de\/wp-content\/uploads\/2014\/10\/Link-Spargelexpress-1.jpg\" width=\"500\" height=\"267\" srcset=\"https:\/\/movebs.de\/wp-content\/uploads\/2014\/10\/Link-Spargelexpress-1.jpg 500w, https:\/\/movebs.de\/wp-content\/uploads\/2014\/10\/Link-Spargelexpress-1-300x160.jpg 300w\" sizes=\"auto, (max-width: 500px) 100vw, 500px\" \/><\/a><\/p>\n","protected":false},"excerpt":{"rendered":"<p>Der Spargelexpress ist eine zusammen mit B\u00fcrgern aus Wendeburg erarbeitete L\u00f6sung f\u00fcr eine schnelle Bahn direkt von Harvesse \u00fcber Wendeburg, V\u00f6lkenrode und Watenb\u00fcttel in die Braunschweiger Innenstadt. (blau = Spargelexpress auf Bahnstrecke, rot = Spargelexpress im Stadtbahnnetz der Verkehrs-GmbH)<\/p>\n","protected":false},"author":2,"featured_media":0,"parent":53,"menu_order":99,"comment_status":"closed","ping_status":"closed","template":"","meta":{"footnotes":""},"class_list":["post-47","page","type-page","status-publish","hentry"],"post_mailing_queue_ids":[],"_links":{"self":[{"href":"https:\/\/movebs.de\/index.php?rest_route=\/wp\/v2\/pages\/47","targetHints":{"allow":["GET"]}}],"collection":[{"href":"https:\/\/movebs.de\/index.php?rest_route=\/wp\/v2\/pages"}],"about":[{"href":"https:\/\/movebs.de\/index.php?rest_route=\/wp\/v2\/types\/page"}],"author":[{"embeddable":true,"href":"https:\/\/movebs.de\/index.php?rest_route=\/wp\/v2\/users\/2"}],"replies":[{"embeddable":true,"href":"https:\/\/movebs.de\/index.php?rest_route=%2Fwp%2Fv2%2Fcomments&post=47"}],"version-history":[{"count":10,"href":"https:\/\/movebs.de\/index.php?rest_route=\/wp\/v2\/pages\/47\/revisions"}],"predecessor-version":[{"id":673,"href":"https:\/\/movebs.de\/index.php?rest_route=\/wp\/v2\/pages\/47\/revisions\/673"}],"up":[{"embeddable":true,"href":"https:\/\/movebs.de\/index.php?rest_route=\/wp\/v2\/pages\/53"}],"wp:attachment":[{"href":"https:\/\/movebs.de\/index.php?rest_route=%2Fwp%2Fv2%2Fmedia&parent=47"}],"curies":[{"name":"wp","href":"https:\/\/api.w.org\/{rel}","templated":true}]}}