{"id":312,"date":"2017-01-13T16:23:43","date_gmt":"2017-01-13T15:23:43","guid":{"rendered":"http:\/\/movebs.spargel-express.de\/?page_id=312"},"modified":"2021-02-14T18:52:05","modified_gmt":"2021-02-14T17:52:05","slug":"campusbahn","status":"publish","type":"page","link":"https:\/\/movebs.de\/?page_id=312","title":{"rendered":"Campusbahn"},"content":{"rendered":"<p>Hinweis\/Aktualisierung: Der unten genannte Vorschlag zur h\u00f6hengleichen Gleisquerung stammt aus einer Zeit, in der noch von einer geringeren Belegung der Bahnstrecke Braunschweig-Gifhorn auszugehen war. Aufgrund des geplanten Halbstundentaktes nach Gifhorn und zus\u00e4tzlichen G\u00fcterverkehrs in den Hafen ist von einer zu hohen Gleisbelegung f\u00fcr das zus\u00e4tzliche Kreuzen der Stadtbahnen auszugehen, sodass diese L\u00f6sung dann nicht mehr realisierbar ist.<\/p>\n<p>Die Campusbahn verbindet die Innenstadt \u00fcber die Hamburger Stra\u00dfe und anschlie\u00dfend der sogenannten \u201eKohlenbahn\u201c folgend, mit den neuen Baugebieten in der Nordstadt, und in Querum sowie die Campusse der TU-Braunschweig miteinander.<\/p>\n<p>In Querum muss eine Streckenf\u00fchrung noch erarbeitet werden, insbesondere muss eine L\u00f6sung f\u00fcr die notwendige Querung der Mittelriede und Wabe gefunden werden. In den Bereichen zwischen der Mittelriede und der Innenstadt liegen bereits Gleise, die in Teilbereichen nur noch f\u00fcr einen Personenverkehr angepasst werden m\u00fcssen.<\/p>\n<p><a href=\"https:\/\/www.google.de\/maps\/@52.2819039,10.5359815,19.58z\" target=\"_blank\" rel=\"noopener\">Position bei google maps<\/a><\/p>\n<div id=\"attachment_296\" style=\"width: 980px\" class=\"wp-caption aligncenter\"><a href=\"http:\/\/movebs.de\/wp-content\/uploads\/2017\/01\/Nordstadt-Gotenweg-Planung-Gruengleis.jpg\"><img loading=\"lazy\" decoding=\"async\" aria-describedby=\"caption-attachment-296\" class=\"wp-image-296 size-full\" src=\"http:\/\/movebs.de\/wp-content\/uploads\/2017\/01\/Nordstadt-Gotenweg-Planung-Gruengleis.jpg\" alt=\"Visualisierung \u201eVision Stadtbahnausbau\u201c\" width=\"970\" height=\"800\" srcset=\"https:\/\/movebs.de\/wp-content\/uploads\/2017\/01\/Nordstadt-Gotenweg-Planung-Gruengleis.jpg 970w, https:\/\/movebs.de\/wp-content\/uploads\/2017\/01\/Nordstadt-Gotenweg-Planung-Gruengleis-300x247.jpg 300w\" sizes=\"auto, (max-width: 970px) 100vw, 970px\" \/><\/a><p id=\"caption-attachment-296\" class=\"wp-caption-text\">Visualisierung \u201eVision Stadtbahnausbau\u201c<\/p><\/div>\n<div id=\"attachment_295\" style=\"width: 867px\" class=\"wp-caption aligncenter\"><a href=\"http:\/\/movebs.de\/wp-content\/uploads\/2017\/01\/Nordstadt-Gotenweg-Bestand.jpg\"><img loading=\"lazy\" decoding=\"async\" aria-describedby=\"caption-attachment-295\" class=\"wp-image-295 size-full\" src=\"http:\/\/movebs.de\/wp-content\/uploads\/2017\/01\/Nordstadt-Gotenweg-Bestand.jpg\" alt=\"Blick in die Stra\u00dfe heute\" width=\"857\" height=\"800\" srcset=\"https:\/\/movebs.de\/wp-content\/uploads\/2017\/01\/Nordstadt-Gotenweg-Bestand.jpg 857w, https:\/\/movebs.de\/wp-content\/uploads\/2017\/01\/Nordstadt-Gotenweg-Bestand-300x280.jpg 300w\" sizes=\"auto, (max-width: 857px) 100vw, 857px\" \/><\/a><p id=\"caption-attachment-295\" class=\"wp-caption-text\">Blick in die Stra\u00dfe heute<\/p><\/div>\n<p>Wir schlagen vor, die bestehenden Gleisanlagen zu nutzen und anzupassen, damit Personenverkehr und G\u00fcterverkehr gleicherma\u00dfen auf der Strecke Platz finden. Dies kann man mittels zweier Drei-, oder Vier-Schienen-Gleisen erreichen, die sowohl die Spurweite 1100mm f\u00fcr die Stadtbahn, als auch 1435mm f\u00fcr den Kohlenzug haben.<\/p>\n<p>Die Campusbahn verl\u00e4uft parallel zum Ringgleisweg und den n\u00f6tigen Gehwegen der neuen Baugebiete. Es ist damit zu rechnen, dass das Aufkommen an Fu\u00dfg\u00e4ngern und Radfahrern betr\u00e4chtlich sein wird, da die neuen Stadtteile auf eine nachhaltige Mobilit\u00e4t ausgerichtet werden sollen. Um Konflikte zwischen Fu\u00dfg\u00e4ngern, Radfahrern und insbesondere dem G\u00fcterverkehr gering zu halten, sollten die Gleisanlagen nur an definierten, sicheren \u00dcberg\u00e4ngen gequert werden. Diese sollten zahlreich vorhanden sein, damit Umwege vermieden werden. Die Gleisanlage sollte als Gr\u00fcngleis ausgef\u00fchrt werden und beidseitig mit einer Hecke vom Ringgleisradweg und der sogenannten Ring-Allee getrennt werden. So wird die Campusbahn auch zu einer \u201egr\u00fcnen Verbindung\u201c zwischen der Niederung von Wabe und Mittelriede und dem neuen Nordpark.<\/p>\n","protected":false},"excerpt":{"rendered":"<p>Hinweis\/Aktualisierung: Der unten genannte Vorschlag zur h\u00f6hengleichen Gleisquerung stammt aus einer Zeit, in der noch von einer geringeren Belegung der Bahnstrecke Braunschweig-Gifhorn auszugehen war. Aufgrund des geplanten Halbstundentaktes nach Gifhorn und zus\u00e4tzlichen G\u00fcterverkehrs in den Hafen ist von einer zu &hellip; <a href=\"https:\/\/movebs.de\/?page_id=312\">Weiterlesen <span class=\"meta-nav\">&rarr;<\/span><\/a><\/p>\n","protected":false},"author":2,"featured_media":0,"parent":279,"menu_order":0,"comment_status":"closed","ping_status":"closed","template":"","meta":{"footnotes":""},"class_list":["post-312","page","type-page","status-publish","hentry"],"post_mailing_queue_ids":[],"_links":{"self":[{"href":"https:\/\/movebs.de\/index.php?rest_route=\/wp\/v2\/pages\/312","targetHints":{"allow":["GET"]}}],"collection":[{"href":"https:\/\/movebs.de\/index.php?rest_route=\/wp\/v2\/pages"}],"about":[{"href":"https:\/\/movebs.de\/index.php?rest_route=\/wp\/v2\/types\/page"}],"author":[{"embeddable":true,"href":"https:\/\/movebs.de\/index.php?rest_route=\/wp\/v2\/users\/2"}],"replies":[{"embeddable":true,"href":"https:\/\/movebs.de\/index.php?rest_route=%2Fwp%2Fv2%2Fcomments&post=312"}],"version-history":[{"count":5,"href":"https:\/\/movebs.de\/index.php?rest_route=\/wp\/v2\/pages\/312\/revisions"}],"predecessor-version":[{"id":589,"href":"https:\/\/movebs.de\/index.php?rest_route=\/wp\/v2\/pages\/312\/revisions\/589"}],"up":[{"embeddable":true,"href":"https:\/\/movebs.de\/index.php?rest_route=\/wp\/v2\/pages\/279"}],"wp:attachment":[{"href":"https:\/\/movebs.de\/index.php?rest_route=%2Fwp%2Fv2%2Fmedia&parent=312"}],"curies":[{"name":"wp","href":"https:\/\/api.w.org\/{rel}","templated":true}]}}