{"id":279,"date":"2017-01-13T15:24:30","date_gmt":"2017-01-13T14:24:30","guid":{"rendered":"http:\/\/movebs.spargel-express.de\/?page_id=279"},"modified":"2017-03-16T21:47:44","modified_gmt":"2017-03-16T20:47:44","slug":"visualisierungen-stadt-bahn-plus","status":"publish","type":"page","link":"https:\/\/movebs.de\/?page_id=279","title":{"rendered":"Visualisierungen Stadt.Bahn.Plus"},"content":{"rendered":"<p>Nicht nur von uns, sondern auch von der Stadt Braunschweig und der Verkehrs-GmbH geht der Wunsch aus, das Stra\u00dfenbahnnetz zu erweitern. Hierzu wurden bereits im Jahr 2013 die B\u00fcrger aufgerufen, Vorschl\u00e4ge f\u00fcr neue Strecken einzureichen und sich so direkt an der Ideenfindung zu beteildigen. Nat\u00fcrlich hat sich auch MoVeBS eingebracht. Die Vorschl\u00e4ge wurden von der Verwaltung zun\u00e4chst vorsortiert und bewertet, sodass bereits Ende 2013 sinnvolle Korridore gefunden und Vorschl\u00e4ge mit geringem Nutzen aus den weiteren Untersuchungen ausgeschlossen wurden. Schlie\u00dflich wurden 9 Korridore vertieft untersucht und daraus 6 detailliert bewertet (vgl. <a href=\"https:\/\/www.stadt-bahn-plus.de\/fileadmin\/media\/Download_Unterlagen_2017\/Praesentation_Stadt.Bahn.Plus_13.01.2017_V100_Web_sec.pdf\" target=\"_blank\">Pr\u00e4sentation zur Vorstellung am 13.1.17 und 16.1.17<\/a>).<\/p>\n<p>MoVeBS hat sich parallel f\u00fcr denkbare Strecken ganz bestimmte Punkte herausgesucht und ihre Realisierbarkeit mit Computervisualisierungen dargestellt. Die Visualisierungen zeigen, dass auch vermeintlich schwierige Strecken umsetzbar sind und der Stadtbahnausbau gerade auch zu einer Verbesserung des Stadtbildes beitragen kann:<\/p>\n<ul>\n<li><a title=\"Westliche Innenstadtstrecke\" href=\"http:\/\/movebs.de\/?page_id=286\">Westliche Innenstadtstrecke (Varianten G\u00fcldenstra\u00dfe und G\u00f6rdelingerstra\u00dfe)<\/a><\/li>\n<li><a title=\"Salzdahlumer-Str. \u2013 Heidberg\" href=\"http:\/\/movebs.de\/?page_id=306\">Salzdahlumer-Str. &#8211; Heidberg (Bereich Heidberg\/Sachsendamm)<\/a><\/li>\n<li><a title=\"Rudolfplatz-Lehndorf-Kanzlerfeld\" href=\"http:\/\/movebs.de\/?page_id=308\">Rudolfplatz &#8211; Lehndorf &#8211; Kanzlerfeld (Bereich Rudolfstra\u00dfe und Lehndorf\/Saarstra\u00dfe)<\/a><\/li>\n<li><a title=\"Campusbahn\" href=\"http:\/\/movebs.de\/?page_id=312\">Campusbahn (Nordstadt\/Gotenweg)<\/a><\/li>\n<li><a title=\"Helmstedter Stra\u00dfe-Rautheim\" href=\"http:\/\/movebs.de\/?page_id=317\">Helmstedter Str. &#8211; Rautheim (Bereich Rautheimer Stra\u00dfe)<\/a><\/li>\n<li><a title=\"Volkmarode Nord\" href=\"http:\/\/movebs.de\/?page_id=320\">Volkmarode Nord (Bereich Berliner Heerstra\u00dfe)<\/a><\/li>\n<\/ul>\n<p>&nbsp;<\/p>\n<p>&nbsp;<\/p>\n","protected":false},"excerpt":{"rendered":"<p>Nicht nur von uns, sondern auch von der Stadt Braunschweig und der Verkehrs-GmbH geht der Wunsch aus, das Stra\u00dfenbahnnetz zu erweitern. Hierzu wurden bereits im Jahr 2013 die B\u00fcrger aufgerufen, Vorschl\u00e4ge f\u00fcr neue Strecken einzureichen und sich so direkt an &hellip; <a href=\"https:\/\/movebs.de\/?page_id=279\">Weiterlesen <span class=\"meta-nav\">&rarr;<\/span><\/a><\/p>\n","protected":false},"author":2,"featured_media":0,"parent":53,"menu_order":0,"comment_status":"closed","ping_status":"closed","template":"","meta":{"footnotes":""},"class_list":["post-279","page","type-page","status-publish","hentry"],"post_mailing_queue_ids":[],"_links":{"self":[{"href":"https:\/\/movebs.de\/index.php?rest_route=\/wp\/v2\/pages\/279","targetHints":{"allow":["GET"]}}],"collection":[{"href":"https:\/\/movebs.de\/index.php?rest_route=\/wp\/v2\/pages"}],"about":[{"href":"https:\/\/movebs.de\/index.php?rest_route=\/wp\/v2\/types\/page"}],"author":[{"embeddable":true,"href":"https:\/\/movebs.de\/index.php?rest_route=\/wp\/v2\/users\/2"}],"replies":[{"embeddable":true,"href":"https:\/\/movebs.de\/index.php?rest_route=%2Fwp%2Fv2%2Fcomments&post=279"}],"version-history":[{"count":8,"href":"https:\/\/movebs.de\/index.php?rest_route=\/wp\/v2\/pages\/279\/revisions"}],"predecessor-version":[{"id":413,"href":"https:\/\/movebs.de\/index.php?rest_route=\/wp\/v2\/pages\/279\/revisions\/413"}],"up":[{"embeddable":true,"href":"https:\/\/movebs.de\/index.php?rest_route=\/wp\/v2\/pages\/53"}],"wp:attachment":[{"href":"https:\/\/movebs.de\/index.php?rest_route=%2Fwp%2Fv2%2Fmedia&parent=279"}],"curies":[{"name":"wp","href":"https:\/\/api.w.org\/{rel}","templated":true}]}}