{"id":18,"date":"2014-09-21T20:33:57","date_gmt":"2014-09-21T18:33:57","guid":{"rendered":"http:\/\/movebs.spargel-express.de\/?page_id=18"},"modified":"2022-11-28T17:15:05","modified_gmt":"2022-11-28T16:15:05","slug":"impressum","status":"publish","type":"page","link":"https:\/\/movebs.de\/?page_id=18","title":{"rendered":"Impressum"},"content":{"rendered":"<p><span style=\"text-decoration: underline;\">Impressum:<\/span><\/p>\n<p style=\"text-align: center;\">Bis auf Weiteres verantwortlich f\u00fcr Redaktion und Inhalt:<\/p>\n<p>Umweltzentrum Braunschweig e.V.<br \/>\nc\/o Dr. Stefan Vockrodt<br \/>\nHagenbr\u00fccke 1\/2<br \/>\n38100 Braunschweig<br \/>\nInternet: <a class=\"moz-txt-link-abbreviated\" href=\"http:\/\/www.umweltzentrum-braunschweig.de\">www.umweltzentrum-braunschweig.de<\/a><\/p>\n<p>Vertretungsberechtigter Vorstand:<br \/>\nThomas R\u00f6ver, Reinhard Siekmann, Dr. Stefan Vockrodt, Achim Weitner, Wolfgang Wiechers<br \/>\nRegistergericht: Amtsgericht Braunschweig<\/p>\n<p><em>Inhaltlich Verantwortlicher gem\u00e4\u00df \u00a7 6 MDStV: Stefan Vockrodt<br \/>\n<\/em><\/p>\n<p><em>Haftungshinweis:<\/em><br \/>\nTrotz sorgf\u00e4ltiger inhaltlicher Kontrolle \u00fcbernehmen wir keine Haftung f\u00fcr die Inhalte externer Links. F\u00fcr den Inhalt der verlinkten Seiten sind ausschlie\u00dflich deren Betreiber verantwortlich.<\/p>\n","protected":false},"excerpt":{"rendered":"<p>Impressum: Bis auf Weiteres verantwortlich f\u00fcr Redaktion und Inhalt: Umweltzentrum Braunschweig e.V. c\/o Dr. Stefan Vockrodt Hagenbr\u00fccke 1\/2 38100 Braunschweig Internet: www.umweltzentrum-braunschweig.de Vertretungsberechtigter Vorstand: Thomas R\u00f6ver, Reinhard Siekmann, Dr. Stefan Vockrodt, Achim Weitner, Wolfgang Wiechers Registergericht: Amtsgericht Braunschweig Inhaltlich Verantwortlicher &hellip; <a href=\"https:\/\/movebs.de\/?page_id=18\">Weiterlesen <span class=\"meta-nav\">&rarr;<\/span><\/a><\/p>\n","protected":false},"author":1,"featured_media":0,"parent":0,"menu_order":99,"comment_status":"closed","ping_status":"closed","template":"","meta":{"footnotes":""},"class_list":["post-18","page","type-page","status-publish","hentry"],"post_mailing_queue_ids":[],"_links":{"self":[{"href":"https:\/\/movebs.de\/index.php?rest_route=\/wp\/v2\/pages\/18","targetHints":{"allow":["GET"]}}],"collection":[{"href":"https:\/\/movebs.de\/index.php?rest_route=\/wp\/v2\/pages"}],"about":[{"href":"https:\/\/movebs.de\/index.php?rest_route=\/wp\/v2\/types\/page"}],"author":[{"embeddable":true,"href":"https:\/\/movebs.de\/index.php?rest_route=\/wp\/v2\/users\/1"}],"replies":[{"embeddable":true,"href":"https:\/\/movebs.de\/index.php?rest_route=%2Fwp%2Fv2%2Fcomments&post=18"}],"version-history":[{"count":8,"href":"https:\/\/movebs.de\/index.php?rest_route=\/wp\/v2\/pages\/18\/revisions"}],"predecessor-version":[{"id":694,"href":"https:\/\/movebs.de\/index.php?rest_route=\/wp\/v2\/pages\/18\/revisions\/694"}],"wp:attachment":[{"href":"https:\/\/movebs.de\/index.php?rest_route=%2Fwp%2Fv2%2Fmedia&parent=18"}],"curies":[{"name":"wp","href":"https:\/\/api.w.org\/{rel}","templated":true}]}}