

{"id":117,"date":"2015-02-21T16:54:27","date_gmt":"2015-02-21T15:54:27","guid":{"rendered":"http:\/\/movebs.spargel-express.de\/?page_id=117"},"modified":"2017-05-12T22:41:09","modified_gmt":"2017-05-12T20:41:09","slug":"salzdahlumer-str-klinikum-salzdahlumer-str-suedstadt-rautheim","status":"publish","type":"page","link":"https:\/\/movebs.de\/?page_id=117","title":{"rendered":"Salzdahlumer Str.  \u2013 Klinikum \u2013 S\u00fcdstadt \u2013 Rautheim"},"content":{"rendered":"<p><a href=\"http:\/\/movebs.de\/wp-content\/uploads\/2014\/10\/rautheim_gross.png\"><img loading=\"lazy\" decoding=\"async\" class=\"alignright wp-image-64 size-medium\" src=\"http:\/\/movebs.de\/wp-content\/uploads\/2014\/10\/rautheim_gross-284x300.png\" alt=\"rautheim_gross\" width=\"284\" height=\"300\" srcset=\"https:\/\/movebs.de\/wp-content\/uploads\/2014\/10\/rautheim_gross-284x300.png 284w, https:\/\/movebs.de\/wp-content\/uploads\/2014\/10\/rautheim_gross.png 648w\" sizes=\"auto, (max-width: 284px) 100vw, 284px\" \/><\/a>Entlang der Salzdahlumer Stra\u00dfe wird der Busverkehr stark nachgefragt. Es wohnen ca. 5000 Einwohnern im Gebiet Bebelhof und Zuckerberg. Zus\u00e4zlich wohnen ca. 6100 Menschen in den Stadtteilen S\u00fcdstadt und Rautheim. Dieses dicht besiedelte Gebiet sollte von einer Stra\u00dfenbahn bedient werden, die folgende Strecke bedient:<\/p>\n<p>Vom Hauptbahnhof kommend werden die Bahnbr\u00fccken der Salzdahlumer Stra\u00dfe unterquert. Zwei der Br\u00fccken (bzw. Tunnel) sind in zwei R\u00f6hren unterteilt. Dies erfordert eine Neusortierung der Fahrspuren. Wir schlagen vor, eine R\u00f6hre f\u00fcr die Stra\u00dfenbahn, einen breiten, beidseitig befahrbaren Fahrradweg und den Fu\u00dfverkehr zu verwenden. In der anderen R\u00f6hre k\u00f6nnten dann drei Stra\u00dfenspuren untergebracht werden. In die st\u00e4rker nachgefragte Richtung werden zwei Fahrspuren per Lichtsignale freigegeben.<\/p>\n<p>Nach Verlassen der Br\u00fccken sollte die Stra\u00dfenbahnstrecke auf der \u00f6stlichen Stra\u00dfenseite verlaufen, da hier erheblich mehr Menschen wohnen. Dem Stra\u00dfenverlauf wird dann bis zum Klinikum Salzdahlumer Stra\u00dfe gefolgt. Am Klinikum h\u00e4lt die Bahn unmittelbar vor dem neuen Haupteingang. Hier sollte zudem eine Wendeschleife f\u00fcr Verst\u00e4rkerfahrten entstehen.<\/p>\n<p>Vom Klinikum verl\u00e4uft die Strecke weiter Richtung S\u00fcdstadt und \u00fcber das Feld entlang der bereits baulich eingeplanten Trassenf\u00fchrung nach Rautheim.<\/p>\n<p>Zus\u00e4tzlich ist der L\u00fcckschluss zwischen Heidberg und Salzdahlumer Stra\u00dfe entlang des Sachsendamms zu realisieren. Dieser erm\u00f6glicht eine alternative F\u00fchrung der M1 \u00fcber den Heidberg (ohne erhebliche Fahrzeitverl\u00e4ngerung) und kann die bestehende Verbindung auf der Wolfenb\u00fcttler Stra\u00dfe z.B. bei Bauarbeiten entlasten.<\/p>\n\n\n\t\t\t\t<div id=\"map_ol3js_1\" class=\"map undefined\" data-map_name=\"undefined\" data-map=\"map_ol3js_1\" style=\"width:100%; max-width:100%; height:450px; display:block; overflow:hidden;border:2px solid grey;\" >\n\t\t\t\t  <div id=\"map_ol3js_1_popup\" class=\"ol-popup\" >\n\t\t\t\t\t<a href=\"#\" id=\"map_ol3js_1_popup-closer\" class=\"ol-popup-closer\"><\/a>\n\t\t\t\t\t<div id=\"map_ol3js_1_popup-content\" ><\/div>\n\t\t\t\t  <\/div>\n\t\t\t\t<\/div>\n\t\t\t\n\n\t\t\t\t<script type=\"text\/javascript\">\n\t\t\t\t\ttranslations['openlayer'] = \"open layer\";\n\t\t\t\t\ttranslations['openlayerAtStartup'] = \"open layer at startup\";\n\t\t\t\t\ttranslations['generateLink'] = \"Der Link zur Karte mit ausgew\u00e4hlten Overlays und angezeigtem Ausschnitt\";\n\t\t\t\t\ttranslations['shortDescription'] = \"Kurzbeschreibung\";\n\t\t\t\t\ttranslations['generatedShortCode'] = \"to get a text control link paste this code in your wordpress editor\";\n\t\t\t\t\ttranslations['closeLayer'] = \"close layer\";\n\t\t\t\t\ttranslations['cantGenerateLink'] = \"put this string in the existing map short code to control this map\";\n\t\t\t  <\/script>\n\n\n\t\t\t  <script type=\"text\/javascript\">\n\t\t\t  vectorM['map_ol3js_1'] = [];\n\t        \n        var raster = getTileLayer(\"osm\",\"NoKey\");\t\t\t\n\n\t\t\t  var map_ol3js_1 = new ol.Map({\n\t\t\t\tinteractions: ol.interaction.defaults.defaults({mouseWheelZoom:false}),\n\t\t\t\tlayers: [raster],\n\t\t\t\ttarget: \"map_ol3js_1\",\n\t\t\t\tview: new ol.View({\n\t\t\t\t  center: ol.proj.transform([10.551,52.241], \"EPSG:4326\", \"EPSG:3857\"),\n\t\t\t\t  zoom: 13\n\t\t\t\t})\n\t\t\t  });\n\t\t\t  \n    var style0 = {\n      \"Point\": [new ol.style.Style({\n\n          image: new ol.style.Icon({\n            anchor: [0.5, 41],\n            anchorXUnits: \"fraction\",\n            anchorYUnits: \"pixels\",\n            opacity: 0.75,\n            src: \"https:\/\/movebs.de\/wp-content\/plugins\/osm\/icons\/mic_blue_pinother_02.png\"\n          })\n      })],\n\n      \"LineString\": [new ol.style.Style({\n        stroke: new ol.style.Stroke({\n          color: \"blue\",\n          width: 8\n        })\n      })],\n      \"MultiLineString\": [new ol.style.Style({\n        stroke: new ol.style.Stroke({\n          color: \"blue\",\n          width: 4\n        })\n      })]\n    };\n\t\t  var vectorL0 = new ol.layer.Vector({\n\t\t\t\tsource: new ol.source.Vector({\n\t\t\t\turl:\"..\/..\/..\/..\/wp-content\/uploads\/Karten\/Suedstadt.gpx\",\n\t\t\t\tformat: new ol.format.GPX({\n\t\t\t\t\textractStyles: false\n\t\t\t\t})\n\t\t\t}),\n\t\t\tzIndex: 92,\n\t\t\tstyle: function(feature, resolution) {return style0[feature.getGeometry().getType()];}\n\t\t  });\n\t\t  map_ol3js_1.addLayer(vectorL0);\n    var style1 = {\n      \"Point\": [new ol.style.Style({\n\n          image: new ol.style.Icon({\n            anchor: [0.5, 41],\n            anchorXUnits: \"fraction\",\n            anchorYUnits: \"pixels\",\n            opacity: 0.75,\n            src: \"https:\/\/movebs.de\/wp-content\/plugins\/osm\/icons\/mic_blue_pinother_02.png\"\n          })\n      })],\n\n      \"LineString\": [new ol.style.Style({\n        stroke: new ol.style.Stroke({\n          color: \" blue\",\n          width: 8\n        })\n      })],\n      \"MultiLineString\": [new ol.style.Style({\n        stroke: new ol.style.Stroke({\n          color: \" blue\",\n          width: 4\n        })\n      })]\n    };\n\t\t  var vectorL1 = new ol.layer.Vector({\n\t\t\t\tsource: new ol.source.Vector({\n\t\t\t\turl:\"..\/..\/..\/..\/wp-content\/uploads\/Karten\/Heidberg.gpx\",\n\t\t\t\tformat: new ol.format.GPX({\n\t\t\t\t\textractStyles: false\n\t\t\t\t})\n\t\t\t}),\n\t\t\tzIndex: 92,\n\t\t\tstyle: function(feature, resolution) {return style1[feature.getGeometry().getType()];}\n\t\t  });\n\t\t  map_ol3js_1.addLayer(vectorL1);addControls2Map(map_ol3js_1,0,0,3,0,5,6,7,0,1);\nosm_addPopupClickhandler(map_ol3js_1,  \"map_ol3js_1\"); \nosm_addMouseHover(map_ol3js_1); <\/script>\n","protected":false},"excerpt":{"rendered":"<p>Entlang der Salzdahlumer Stra\u00dfe wird der Busverkehr stark nachgefragt. Es wohnen ca. 5000 Einwohnern im Gebiet Bebelhof und Zuckerberg. Zus\u00e4zlich wohnen ca. 6100 Menschen in den Stadtteilen S\u00fcdstadt und Rautheim. Dieses dicht besiedelte Gebiet sollte von einer Stra\u00dfenbahn bedient werden, &hellip; <a href=\"https:\/\/movebs.de\/?page_id=117\">Weiterlesen <span class=\"meta-nav\">&rarr;<\/span><\/a><\/p>\n","protected":false},"author":2,"featured_media":0,"parent":56,"menu_order":0,"comment_status":"closed","ping_status":"closed","template":"","meta":{"footnotes":""},"class_list":["post-117","page","type-page","status-publish","hentry"],"post_mailing_queue_ids":[],"_links":{"self":[{"href":"https:\/\/movebs.de\/index.php?rest_route=\/wp\/v2\/pages\/117","targetHints":{"allow":["GET"]}}],"collection":[{"href":"https:\/\/movebs.de\/index.php?rest_route=\/wp\/v2\/pages"}],"about":[{"href":"https:\/\/movebs.de\/index.php?rest_route=\/wp\/v2\/types\/page"}],"author":[{"embeddable":true,"href":"https:\/\/movebs.de\/index.php?rest_route=\/wp\/v2\/users\/2"}],"replies":[{"embeddable":true,"href":"https:\/\/movebs.de\/index.php?rest_route=%2Fwp%2Fv2%2Fcomments&post=117"}],"version-history":[{"count":9,"href":"https:\/\/movebs.de\/index.php?rest_route=\/wp\/v2\/pages\/117\/revisions"}],"predecessor-version":[{"id":428,"href":"https:\/\/movebs.de\/index.php?rest_route=\/wp\/v2\/pages\/117\/revisions\/428"}],"up":[{"embeddable":true,"href":"https:\/\/movebs.de\/index.php?rest_route=\/wp\/v2\/pages\/56"}],"wp:attachment":[{"href":"https:\/\/movebs.de\/index.php?rest_route=%2Fwp%2Fv2%2Fmedia&parent=117"}],"curies":[{"name":"wp","href":"https:\/\/api.w.org\/{rel}","templated":true}]}}