

{"id":107,"date":"2015-02-21T16:51:26","date_gmt":"2015-02-21T15:51:26","guid":{"rendered":"http:\/\/movebs.spargel-express.de\/?page_id=107"},"modified":"2017-05-12T22:29:48","modified_gmt":"2017-05-12T20:29:48","slug":"westliche-innenstadtstrecke","status":"publish","type":"page","link":"https:\/\/movebs.de\/?page_id=107","title":{"rendered":"Westliche Innenstadtstrecke"},"content":{"rendered":"<p><a href=\"http:\/\/movebs.de\/wp-content\/uploads\/2014\/10\/west_innenstadt_gross.png\"><img loading=\"lazy\" decoding=\"async\" class=\"alignright wp-image-66 size-medium\" src=\"http:\/\/movebs.de\/wp-content\/uploads\/2014\/10\/west_innenstadt_gross-276x300.png\" alt=\"west_innenstadt_gross\" width=\"276\" height=\"300\" srcset=\"https:\/\/movebs.de\/wp-content\/uploads\/2014\/10\/west_innenstadt_gross-276x300.png 276w, https:\/\/movebs.de\/wp-content\/uploads\/2014\/10\/west_innenstadt_gross.png 656w\" sizes=\"auto, (max-width: 276px) 100vw, 276px\" \/><\/a>Das Braunschweiger Stra\u00dfenbahnnetz ist auf den Bohlweg ausgerichtet: Alle Linien verlaufen \u00fcber die Haltestellen Schloss und\/oder Rathaus. Hierdurch entsteht ein bedeutendes Nadel\u00f6hr: Bei Gro\u00dfveranstaltungen wie dem j\u00e4hrlichen Karnevalsumzug oder Fu\u00dfballfesten wird die Strecke gesperrt, sodass ein umst\u00e4ndlicher und wirtschaftlich aufwendiger Ersatzverkehr n\u00f6tig wird.<\/p>\n<p>Die westliche Innenstadt und der Altstadtmarkt sind nicht mit der Stra\u00dfenbahn direkt zu erreichen. Fahrg\u00e4ste m\u00fcssen in einen Bus umzusteigen oder einen l\u00e4ngeren Fu\u00dfweg in Kauf zu nehmen. Eine direkte Fahrverbindung vom Friedrich-Wilhelm-Platz zum Altstadtmarkt und zur Langen Stra\u00dfe besteht derzeit nicht.<\/p>\n<p>Eine westliche Innenstadtstrecke wandelt das Braunschweiger Stra\u00dfenbahnnetz erst in ein eigentliches Netz. Dieses Netz erm\u00f6glicht es, dass alternierend Fahrten \u00fcber Rathaus oder die westliche Innenstadt angeboten werden k\u00f6nnen. Dabei kann gleichzeitig der stark belastete Abschnitt \u00fcber den Bohlweg erheblich entlastet und so die P\u00fcnktlichkeit der Bahnen gesteigert werden.<\/p>\n<p>Eine m\u00f6gliche Strecke k\u00f6nnte vom Friedrich-Wilhelm-Platz \u00fcber den Bankplatz zum Altstadtmarkt verlaufen. Dort bietet es sich an, kombinierte Stra\u00dfenbahn- und Bushaltestellen zu errichten, um so schnelle Umstiegsm\u00f6glichkeiten zu schaffen. Die Strecke verl\u00e4uft dann weiter \u00fcber die G\u00f6rdeliner Stra\u00dfe zur Langen Stra\u00dfe. Zwischen Petrikirche und neuem Pressehaus erm\u00f6glicht ein Abzweig Fahrten in Richtung Alte Waage &#8211; Hagenmarkt und zum Radeklint. Zuk\u00fcnftig kann der Altstadtmarkt auch vom Norden und Osten der Stadt direkt angefahren werden.<\/p>\n<p>In der aktuellen Diskussion wird als konkrete Trasse haupts\u00e4chlich diese Strecke \u00fcber den Altstadtmarkt genannt. Diese Strecke hat ihre Reize, aber leider auch ihre Schw\u00e4chen: In den Bereich des historisch hoch bedeutenden Altststadtmarktes muss die Bahn m\u00f6glichst ohne Eingriffe eingef\u00fcgt werden. Zudem stellen die Querschnitte der G\u00f6rdelingerstra\u00dfe und Brabandtstra\u00dfe die Planer vor eine gro\u00dfe Herausforderung.<\/p>\n<p>Dagegen bietet die G\u00fcldenstra\u00dfe viel Platz. Eine Neugestaltung und Aufwertung des Stra\u00dfenraums kann die Attraktivit\u00e4t des gesamten Bereiches erheblich steigern. Aufgrund der direkten Wege ist die Fu\u00dfg\u00e4ngerzone nicht weit; gleichzeitig werden aber auch viele Wohnungen entlang der G\u00fcldenstra\u00dfe mit angebunden.<\/p>\n<p>Wir m\u00f6chten mit den nachfolgenden Collage (Gr\u00f6\u00dfe 2,6 MB) zeigen, welches Gestaltungspotential in der G\u00fcldenstra\u00dfe schlummert. Dabei wird nach franz\u00f6sischem Vorbild der durchgehende Autoverkehr verringert und die Attraktivit\u00e4t f\u00fcr Fu\u00dfg\u00e4nger und Fahrradfahrer erheblich erh\u00f6ht.<\/p>\n<p><a href=\"http:\/\/movebs.de\/wp-content\/uploads\/2015\/02\/Gueldenstrasse_klein.jpg\" target=\"_blank\"><img loading=\"lazy\" decoding=\"async\" class=\"aligncenter wp-image-155 size-medium\" src=\"http:\/\/movebs.de\/wp-content\/uploads\/2015\/02\/Gueldenstrasse_klein-212x300.jpg\" alt=\"Gueldenstrasse_klein\" width=\"212\" height=\"300\" srcset=\"https:\/\/movebs.de\/wp-content\/uploads\/2015\/02\/Gueldenstrasse_klein-212x300.jpg 212w, https:\/\/movebs.de\/wp-content\/uploads\/2015\/02\/Gueldenstrasse_klein-723x1024.jpg 723w\" sizes=\"auto, (max-width: 212px) 100vw, 212px\" \/><\/a>\n\n\t\t\t\t<div id=\"map_ol3js_1\" class=\"map undefined\" data-map_name=\"undefined\" data-map=\"map_ol3js_1\" style=\"width:100%; max-width:100%; height:450px; display:block; overflow:hidden;border:2px solid grey;\" >\n\t\t\t\t  <div id=\"map_ol3js_1_popup\" class=\"ol-popup\" >\n\t\t\t\t\t<a href=\"#\" id=\"map_ol3js_1_popup-closer\" class=\"ol-popup-closer\"><\/a>\n\t\t\t\t\t<div id=\"map_ol3js_1_popup-content\" ><\/div>\n\t\t\t\t  <\/div>\n\t\t\t\t<\/div>\n\t\t\t\n\n\t\t\t\t<script type=\"text\/javascript\">\n\t\t\t\t\ttranslations['openlayer'] = \"open layer\";\n\t\t\t\t\ttranslations['openlayerAtStartup'] = \"open layer at startup\";\n\t\t\t\t\ttranslations['generateLink'] = \"Der Link zur Karte mit ausgew\u00e4hlten Overlays und angezeigtem Ausschnitt\";\n\t\t\t\t\ttranslations['shortDescription'] = \"Kurzbeschreibung\";\n\t\t\t\t\ttranslations['generatedShortCode'] = \"to get a text control link paste this code in your wordpress editor\";\n\t\t\t\t\ttranslations['closeLayer'] = \"close layer\";\n\t\t\t\t\ttranslations['cantGenerateLink'] = \"put this string in the existing map short code to control this map\";\n\t\t\t  <\/script>\n\n\n\t\t\t  <script type=\"text\/javascript\">\n\t\t\t  vectorM['map_ol3js_1'] = [];\n\t        \n        var raster = getTileLayer(\"osm\",\"NoKey\");\t\t\t\n\n\t\t\t  var map_ol3js_1 = new ol.Map({\n\t\t\t\tinteractions: ol.interaction.defaults.defaults({mouseWheelZoom:false}),\n\t\t\t\tlayers: [raster],\n\t\t\t\ttarget: \"map_ol3js_1\",\n\t\t\t\tview: new ol.View({\n\t\t\t\t  center: ol.proj.transform([10.519,52.263], \"EPSG:4326\", \"EPSG:3857\"),\n\t\t\t\t  zoom: 15\n\t\t\t\t})\n\t\t\t  });\n\t\t\t  \n    var style0 = {\n      \"Point\": [new ol.style.Style({\n\n          image: new ol.style.Icon({\n            anchor: [0.5, 41],\n            anchorXUnits: \"fraction\",\n            anchorYUnits: \"pixels\",\n            opacity: 0.75,\n            src: \"https:\/\/movebs.de\/wp-content\/plugins\/osm\/icons\/mic_blue_pinother_02.png\"\n          })\n      })],\n\n      \"LineString\": [new ol.style.Style({\n        stroke: new ol.style.Stroke({\n          color: \"blue\",\n          width: 8\n        })\n      })],\n      \"MultiLineString\": [new ol.style.Style({\n        stroke: new ol.style.Stroke({\n          color: \"blue\",\n          width: 4\n        })\n      })]\n    };\n\t\t  var vectorL0 = new ol.layer.Vector({\n\t\t\t\tsource: new ol.source.Vector({\n\t\t\t\turl:\"..\/..\/..\/..\/wp-content\/uploads\/Karten\/Gueldenstrasse.gpx\",\n\t\t\t\tformat: new ol.format.GPX({\n\t\t\t\t\textractStyles: false\n\t\t\t\t})\n\t\t\t}),\n\t\t\tzIndex: 92,\n\t\t\tstyle: function(feature, resolution) {return style0[feature.getGeometry().getType()];}\n\t\t  });\n\t\t  map_ol3js_1.addLayer(vectorL0);\n    var style1 = {\n      \"Point\": [new ol.style.Style({\n\n          image: new ol.style.Icon({\n            anchor: [0.5, 41],\n            anchorXUnits: \"fraction\",\n            anchorYUnits: \"pixels\",\n            opacity: 0.75,\n            src: \"https:\/\/movebs.de\/wp-content\/plugins\/osm\/icons\/mic_blue_pinother_02.png\"\n          })\n      })],\n\n      \"LineString\": [new ol.style.Style({\n        stroke: new ol.style.Stroke({\n          color: \" red\",\n          width: 8\n        })\n      })],\n      \"MultiLineString\": [new ol.style.Style({\n        stroke: new ol.style.Stroke({\n          color: \" red\",\n          width: 4\n        })\n      })]\n    };\n\t\t  var vectorL1 = new ol.layer.Vector({\n\t\t\t\tsource: new ol.source.Vector({\n\t\t\t\turl:\"..\/..\/..\/..\/wp-content\/uploads\/Karten\/Altstadtmarkt.gpx\",\n\t\t\t\tformat: new ol.format.GPX({\n\t\t\t\t\textractStyles: false\n\t\t\t\t})\n\t\t\t}),\n\t\t\tzIndex: 92,\n\t\t\tstyle: function(feature, resolution) {return style1[feature.getGeometry().getType()];}\n\t\t  });\n\t\t  map_ol3js_1.addLayer(vectorL1);addControls2Map(map_ol3js_1,0,0,3,0,5,6,7,0,1);\nosm_addPopupClickhandler(map_ol3js_1,  \"map_ol3js_1\"); \nosm_addMouseHover(map_ol3js_1); <\/script><\/p>\n<p>(blau = Strecke \u00fcber die G\u00fcldenstra\u00dfe, rot = Strecke \u00fcber den Altstadtmarkt)<\/p>\n","protected":false},"excerpt":{"rendered":"<p>Das Braunschweiger Stra\u00dfenbahnnetz ist auf den Bohlweg ausgerichtet: Alle Linien verlaufen \u00fcber die Haltestellen Schloss und\/oder Rathaus. Hierdurch entsteht ein bedeutendes Nadel\u00f6hr: Bei Gro\u00dfveranstaltungen wie dem j\u00e4hrlichen Karnevalsumzug oder Fu\u00dfballfesten wird die Strecke gesperrt, sodass ein umst\u00e4ndlicher und wirtschaftlich aufwendiger &hellip; <a href=\"https:\/\/movebs.de\/?page_id=107\">Weiterlesen <span class=\"meta-nav\">&rarr;<\/span><\/a><\/p>\n","protected":false},"author":2,"featured_media":0,"parent":56,"menu_order":0,"comment_status":"closed","ping_status":"closed","template":"","meta":{"footnotes":""},"class_list":["post-107","page","type-page","status-publish","hentry"],"post_mailing_queue_ids":[],"_links":{"self":[{"href":"https:\/\/movebs.de\/index.php?rest_route=\/wp\/v2\/pages\/107","targetHints":{"allow":["GET"]}}],"collection":[{"href":"https:\/\/movebs.de\/index.php?rest_route=\/wp\/v2\/pages"}],"about":[{"href":"https:\/\/movebs.de\/index.php?rest_route=\/wp\/v2\/types\/page"}],"author":[{"embeddable":true,"href":"https:\/\/movebs.de\/index.php?rest_route=\/wp\/v2\/users\/2"}],"replies":[{"embeddable":true,"href":"https:\/\/movebs.de\/index.php?rest_route=%2Fwp%2Fv2%2Fcomments&post=107"}],"version-history":[{"count":7,"href":"https:\/\/movebs.de\/index.php?rest_route=\/wp\/v2\/pages\/107\/revisions"}],"predecessor-version":[{"id":426,"href":"https:\/\/movebs.de\/index.php?rest_route=\/wp\/v2\/pages\/107\/revisions\/426"}],"up":[{"embeddable":true,"href":"https:\/\/movebs.de\/index.php?rest_route=\/wp\/v2\/pages\/56"}],"wp:attachment":[{"href":"https:\/\/movebs.de\/index.php?rest_route=%2Fwp%2Fv2%2Fmedia&parent=107"}],"curies":[{"name":"wp","href":"https:\/\/api.w.org\/{rel}","templated":true}]}}